{"id":10,"date":"2025-04-14T09:40:27","date_gmt":"2025-04-14T09:40:27","guid":{"rendered":"https:\/\/bistro-waldbad-schiedateich.de\/?page_id=10"},"modified":"2025-04-16T14:08:16","modified_gmt":"2025-04-16T12:08:16","slug":"bistro-waldbad-schiedateich","status":"publish","type":"page","link":"https:\/\/bistro-waldbad-schiedateich.de\/","title":{"rendered":"Bistro Waldbad Schiedateich"},"content":{"rendered":"\t\t<div data-elementor-type=\"wp-page\" data-elementor-id=\"10\" class=\"elementor elementor-10\">\n\t\t\t\t<div class=\"elementor-element elementor-element-b428073 e-con-full e-flex e-con e-parent\" data-id=\"b428073\" data-element_type=\"container\" data-settings=\"{&quot;background_background&quot;:&quot;classic&quot;}\">\n\t\t\t\t<\/div>\n\t\t<div class=\"elementor-element elementor-element-cf8660a e-flex e-con-boxed e-con e-parent\" data-id=\"cf8660a\" data-element_type=\"container\">\n\t\t\t\t\t<div class=\"e-con-inner\">\n\t\t<div class=\"elementor-element elementor-element-72a9f35 e-con-full e-flex e-con e-child\" data-id=\"72a9f35\" data-element_type=\"container\">\n\t\t\t\t<div class=\"elementor-element elementor-element-1212141 elementor-widget elementor-widget-image\" data-id=\"1212141\" data-element_type=\"widget\" data-widget_type=\"image.default\">\n\t\t\t\t<div class=\"elementor-widget-container\">\n\t\t\t\t\t\t\t\t\t\t\t\t\t\t\t<img fetchpriority=\"high\" decoding=\"async\" width=\"768\" height=\"1271\" src=\"https:\/\/bistro-waldbad-schiedateich.de\/wp-content\/uploads\/2025\/04\/Joerg_wirt_web-768x1271.webp\" class=\"attachment-medium_large size-medium_large wp-image-99\" alt=\"Wirt J\u00f6rg\" srcset=\"https:\/\/bistro-waldbad-schiedateich.de\/wp-content\/uploads\/2025\/04\/Joerg_wirt_web-768x1271.webp 768w, https:\/\/bistro-waldbad-schiedateich.de\/wp-content\/uploads\/2025\/04\/Joerg_wirt_web-181x300.webp 181w, https:\/\/bistro-waldbad-schiedateich.de\/wp-content\/uploads\/2025\/04\/Joerg_wirt_web-619x1024.webp 619w, https:\/\/bistro-waldbad-schiedateich.de\/wp-content\/uploads\/2025\/04\/Joerg_wirt_web-928x1536.webp 928w, https:\/\/bistro-waldbad-schiedateich.de\/wp-content\/uploads\/2025\/04\/Joerg_wirt_web-1238x2048.webp 1238w, https:\/\/bistro-waldbad-schiedateich.de\/wp-content\/uploads\/2025\/04\/Joerg_wirt_web-scaled.webp 1547w\" sizes=\"(max-width: 768px) 100vw, 768px\" \/>\t\t\t\t\t\t\t\t\t\t\t\t\t\t\t<\/div>\n\t\t\t\t<\/div>\n\t\t\t\t<\/div>\n\t\t<div class=\"elementor-element elementor-element-c8e149c e-con-full e-flex e-con e-child\" data-id=\"c8e149c\" data-element_type=\"container\">\n\t\t\t\t<div class=\"elementor-element elementor-element-6714cb1 elementor-widget elementor-widget-heading\" data-id=\"6714cb1\" data-element_type=\"widget\" data-widget_type=\"heading.default\">\n\t\t\t\t<div class=\"elementor-widget-container\">\n\t\t\t\t\t<h1 class=\"elementor-heading-title elementor-size-default\">Bistro Waldbad Schiedateich<\/h1>\t\t\t\t<\/div>\n\t\t\t\t<\/div>\n\t\t\t\t<div class=\"elementor-element elementor-element-d43c440 elementor-hidden-mobile elementor-widget elementor-widget-text-editor\" data-id=\"d43c440\" data-element_type=\"widget\" data-widget_type=\"text-editor.default\">\n\t\t\t\t<div class=\"elementor-widget-container\">\n\t\t\t\t\t\t\t\t\t<p>Hallo und Gr\u00fc\u00df Gott miteinand,<\/p><p>Ich bin&#8217;s, der J\u00f6rg, Euer Wirt und begr\u00fc\u00dfe euch recht herzlich hier auf unsere neuen Website und ab 01.Mai 2025 dann hoffentlich wieder in unserem Bistro Waldbad Schiedateich in Schwarzenbach an der Saale.<\/p><p>Auch dieses Jahr starten wir die Saison wieder am 01. Mai, p\u00fcnktlich um 10.30 Uhr mit unserem traditionellen, z\u00fcnftigen Wei\u00dfwurstfr\u00fchst\u00fcck.<\/p><p>Ich freue mich auf Euch, bis bald<\/p><p>Euer J\u00f6rg<\/p>\t\t\t\t\t\t\t\t<\/div>\n\t\t\t\t<\/div>\n\t\t\t\t<\/div>\n\t\t\t\t\t<\/div>\n\t\t\t\t<\/div>\n\t\t<div class=\"elementor-element elementor-element-4cd600d elementor-hidden-desktop elementor-hidden-tablet e-flex e-con-boxed e-con e-parent\" data-id=\"4cd600d\" data-element_type=\"container\">\n\t\t\t\t\t<div class=\"e-con-inner\">\n\t\t\t\t<div class=\"elementor-element elementor-element-09b1c0f elementor-widget elementor-widget-text-editor\" data-id=\"09b1c0f\" data-element_type=\"widget\" data-widget_type=\"text-editor.default\">\n\t\t\t\t<div class=\"elementor-widget-container\">\n\t\t\t\t\t\t\t\t\t<p>Hallo und Gr\u00fc\u00df Gott miteinand,<\/p><p>Ich bin&#8217;s, der J\u00f6rg, Euer Wirt und begr\u00fc\u00dfe euch recht herzlich hier auf unsere neuen Website und ab 01.Mai 2025 dann hoffentlich wieder in unserem Bistro Waldbad Schiedateich in Schwarzenbach an der Saale.<\/p><p>Auch dieses Jahr starten wir die Saison wieder am 01. Mai, p\u00fcnktlich um 10.30 Uhr mit unserem traditionellen, z\u00fcnftigen Wei\u00dfwurstfr\u00fchst\u00fcck.<\/p><p>Ich freue mich auf Euch, bis bald<\/p><p>Euer J\u00f6rg<\/p>\t\t\t\t\t\t\t\t<\/div>\n\t\t\t\t<\/div>\n\t\t\t\t\t<\/div>\n\t\t\t\t<\/div>\n\t\t<div class=\"elementor-element elementor-element-c48dd71 e-flex e-con-boxed e-con e-parent\" data-id=\"c48dd71\" data-element_type=\"container\">\n\t\t\t\t\t<div class=\"e-con-inner\">\n\t\t\t\t<div class=\"elementor-element elementor-element-c611d3e elementor-widget elementor-widget-text-editor\" data-id=\"c611d3e\" data-element_type=\"widget\" data-widget_type=\"text-editor.default\">\n\t\t\t\t<div class=\"elementor-widget-container\">\n\t\t\t\t\t\t\t\t\t<p>Wie jedes Jahr gibt&#8217;s bei uns gute Laune, gutes Essen, gute Unterhaltung &#8211; und das t\u00e4glich ab 10.30 Uhr, solange Ihr eben Spa\u00df habt.<\/p>\t\t\t\t\t\t\t\t<\/div>\n\t\t\t\t<\/div>\n\t\t\t\t\t<\/div>\n\t\t\t\t<\/div>\n\t\t<div class=\"elementor-element elementor-element-33d06b2 e-flex e-con-boxed e-con e-parent\" data-id=\"33d06b2\" data-element_type=\"container\">\n\t\t\t\t\t<div class=\"e-con-inner\">\n\t\t\t\t<div class=\"elementor-element elementor-element-0b50179 elementor-arrows-position-inside elementor-pagination-position-outside elementor-widget elementor-widget-image-carousel\" data-id=\"0b50179\" data-element_type=\"widget\" data-settings=\"{&quot;navigation&quot;:&quot;both&quot;,&quot;autoplay&quot;:&quot;yes&quot;,&quot;pause_on_hover&quot;:&quot;yes&quot;,&quot;pause_on_interaction&quot;:&quot;yes&quot;,&quot;autoplay_speed&quot;:5000,&quot;infinite&quot;:&quot;yes&quot;,&quot;speed&quot;:500}\" data-widget_type=\"image-carousel.default\">\n\t\t\t\t<div class=\"elementor-widget-container\">\n\t\t\t\t\t\t\t<div class=\"elementor-image-carousel-wrapper swiper\" role=\"region\" aria-roledescription=\"carousel\" aria-label=\"Bild Karussell\" dir=\"ltr\">\n\t\t\t<div class=\"elementor-image-carousel swiper-wrapper\" aria-live=\"off\">\n\t\t\t\t\t\t\t\t<div class=\"swiper-slide\" role=\"group\" aria-roledescription=\"slide\" aria-label=\"1 von 3\"><figure class=\"swiper-slide-inner\"><img decoding=\"async\" class=\"swiper-slide-image\" src=\"https:\/\/bistro-waldbad-schiedateich.de\/wp-content\/uploads\/2025\/04\/PHOTO-2025-03-28-18-02-50-768x576.jpg\" alt=\"Bistro Waldbad Schiedateich\" \/><\/figure><\/div><div class=\"swiper-slide\" role=\"group\" aria-roledescription=\"slide\" aria-label=\"2 von 3\"><figure class=\"swiper-slide-inner\"><img decoding=\"async\" class=\"swiper-slide-image\" src=\"https:\/\/bistro-waldbad-schiedateich.de\/wp-content\/uploads\/2025\/04\/PHOTO-2025-03-28-18-02-28-3-768x576.jpg\" alt=\"Bistro Waldbad Schiedateich\" \/><\/figure><\/div><div class=\"swiper-slide\" role=\"group\" aria-roledescription=\"slide\" aria-label=\"3 von 3\"><figure class=\"swiper-slide-inner\"><img decoding=\"async\" class=\"swiper-slide-image\" src=\"https:\/\/bistro-waldbad-schiedateich.de\/wp-content\/uploads\/2025\/04\/PHOTO-2025-03-28-18-03-29-768x576.jpg\" alt=\"Bistro Waldbad Schiedateich\" \/><\/figure><\/div>\t\t\t<\/div>\n\t\t\t\t\t\t\t\t\t\t\t\t<div class=\"elementor-swiper-button elementor-swiper-button-prev\" role=\"button\" tabindex=\"0\">\n\t\t\t\t\t\t<svg aria-hidden=\"true\" class=\"e-font-icon-svg e-eicon-chevron-left\" viewBox=\"0 0 1000 1000\" xmlns=\"http:\/\/www.w3.org\/2000\/svg\"><path d=\"M646 125C629 125 613 133 604 142L308 442C296 454 292 471 292 487 292 504 296 521 308 533L604 854C617 867 629 875 646 875 663 875 679 871 692 858 704 846 713 829 713 812 713 796 708 779 692 767L438 487 692 225C700 217 708 204 708 187 708 171 704 154 692 142 675 129 663 125 646 125Z\"><\/path><\/svg>\t\t\t\t\t<\/div>\n\t\t\t\t\t<div class=\"elementor-swiper-button elementor-swiper-button-next\" role=\"button\" tabindex=\"0\">\n\t\t\t\t\t\t<svg aria-hidden=\"true\" class=\"e-font-icon-svg e-eicon-chevron-right\" viewBox=\"0 0 1000 1000\" xmlns=\"http:\/\/www.w3.org\/2000\/svg\"><path d=\"M696 533C708 521 713 504 713 487 713 471 708 454 696 446L400 146C388 133 375 125 354 125 338 125 325 129 313 142 300 154 292 171 292 187 292 204 296 221 308 233L563 492 304 771C292 783 288 800 288 817 288 833 296 850 308 863 321 871 338 875 354 875 371 875 388 867 400 854L696 533Z\"><\/path><\/svg>\t\t\t\t\t<\/div>\n\t\t\t\t\n\t\t\t\t\t\t\t\t\t<div class=\"swiper-pagination\"><\/div>\n\t\t\t\t\t\t\t\t\t<\/div>\n\t\t\t\t\t\t<\/div>\n\t\t\t\t<\/div>\n\t\t\t\t\t<\/div>\n\t\t\t\t<\/div>\n\t\t<div class=\"elementor-element elementor-element-47625a0 e-flex e-con-boxed e-con e-parent\" data-id=\"47625a0\" data-element_type=\"container\">\n\t\t\t\t\t<div class=\"e-con-inner\">\n\t\t\t\t<div class=\"elementor-element elementor-element-58e3bee elementor-widget elementor-widget-google_maps\" data-id=\"58e3bee\" data-element_type=\"widget\" data-widget_type=\"google_maps.default\">\n\t\t\t\t<div class=\"elementor-widget-container\">\n\t\t\t\t\t\t\t<div class=\"elementor-custom-embed\">\n\t\t\t<iframe loading=\"lazy\"\n\t\t\t\t\tsrc=\"https:\/\/maps.google.com\/maps?q=Waldbad%20Schiedateich%20Deutschland&#038;t=m&#038;z=10&#038;output=embed&#038;iwloc=near\"\n\t\t\t\t\ttitle=\"Waldbad Schiedateich Deutschland\"\n\t\t\t\t\taria-label=\"Waldbad Schiedateich Deutschland\"\n\t\t\t><\/iframe>\n\t\t<\/div>\n\t\t\t\t\t\t<\/div>\n\t\t\t\t<\/div>\n\t\t\t\t\t<\/div>\n\t\t\t\t<\/div>\n\t\t\t\t<\/div>\n\t\t","protected":false},"excerpt":{"rendered":"<p>Bistro Waldbad Schiedateich Hallo und Gr\u00fc\u00df Gott miteinand, Ich bin&#8217;s, der J\u00f6rg, Euer Wirt und begr\u00fc\u00dfe euch recht herzlich hier auf unsere neuen Website und ab 01.Mai 2025 dann hoffentlich wieder in unserem Bistro Waldbad Schiedateich in Schwarzenbach an der Saale. Auch dieses Jahr starten wir die Saison wieder am 01. Mai, p\u00fcnktlich um 10.30 [&hellip;]<\/p>\n","protected":false},"author":1,"featured_media":0,"parent":0,"menu_order":0,"comment_status":"closed","ping_status":"closed","template":"","meta":{"footnotes":""},"class_list":["post-10","page","type-page","status-publish","hentry"],"_links":{"self":[{"href":"https:\/\/bistro-waldbad-schiedateich.de\/index.php?rest_route=\/wp\/v2\/pages\/10","targetHints":{"allow":["GET"]}}],"collection":[{"href":"https:\/\/bistro-waldbad-schiedateich.de\/index.php?rest_route=\/wp\/v2\/pages"}],"about":[{"href":"https:\/\/bistro-waldbad-schiedateich.de\/index.php?rest_route=\/wp\/v2\/types\/page"}],"author":[{"embeddable":true,"href":"https:\/\/bistro-waldbad-schiedateich.de\/index.php?rest_route=\/wp\/v2\/users\/1"}],"replies":[{"embeddable":true,"href":"https:\/\/bistro-waldbad-schiedateich.de\/index.php?rest_route=%2Fwp%2Fv2%2Fcomments&post=10"}],"version-history":[{"count":58,"href":"https:\/\/bistro-waldbad-schiedateich.de\/index.php?rest_route=\/wp\/v2\/pages\/10\/revisions"}],"predecessor-version":[{"id":102,"href":"https:\/\/bistro-waldbad-schiedateich.de\/index.php?rest_route=\/wp\/v2\/pages\/10\/revisions\/102"}],"wp:attachment":[{"href":"https:\/\/bistro-waldbad-schiedateich.de\/index.php?rest_route=%2Fwp%2Fv2%2Fmedia&parent=10"}],"curies":[{"name":"wp","href":"https:\/\/api.w.org\/{rel}","templated":true}]}}